{"id":88,"date":"2025-09-05T09:50:10","date_gmt":"2025-09-05T09:50:10","guid":{"rendered":"https:\/\/globalenergie.ma\/?post_type=product&#038;p=88"},"modified":"2025-09-09T18:25:40","modified_gmt":"2025-09-09T18:25:40","slug":"carrier-gainable-onoff-18k-btu","status":"publish","type":"product","link":"https:\/\/globalenergie.ma\/pt\/produto\/carrier-gainable-onoff-18k-btu\/","title":{"rendered":"Transportadora OnO..."},"content":{"rendered":"<p class=\"h6\"><strong>Dados t\u00e9cnicos<\/strong><\/p>\n<dl class=\"data-sheet\"><\/dl>\n<p>&nbsp;<\/p>\n<table style=\"width: 100%; border-collapse: collapse; font-family: Arial, sans-serif; font-size: 14px;\">\n<tbody>\n<tr style=\"background: #f7f7f7;\">\n<th style=\"text-align: left; padding: 10px; width: 40%;\">Mono Split<\/th>\n<td style=\"padding: 10px;\">Ganh\u00e1vel<\/td>\n<\/tr>\n<tr>\n<th style=\"text-align: left; padding: 10px;\">Modo<\/th>\n<td style=\"padding: 10px;\">Ligado Desligado<\/td>\n<\/tr>\n<tr style=\"background: #f7f7f7;\">\n<th style=\"text-align: left; padding: 10px;\">Pot\u00eancia<\/th>\n<td style=\"padding: 10px;\">18K<\/td>\n<\/tr>\n<\/tbody>\n<\/table>\n<div class=\"tvproduct-page-wrapper\">\n<div class=\"tabs tvproduct-description-tab clearfix\">\n<div id=\"tab-content\" class=\"tab-content clearfix\">\n<div id=\"description\" class=\"tab-pane fade js-product-tab-active active in\" role=\"tabpanel\" aria-expanded=\"true\">\n<div class=\"product-description cms-description\">\n<div class=\"tvproduct-page-wrapper\">\n<div class=\"tabs tvproduct-description-tab clearfix\">\n<div id=\"tab-content\" class=\"tab-content clearfix\">\n<div id=\"description\" class=\"tab-pane fade js-product-tab-active active in\" role=\"tabpanel\" aria-expanded=\"true\">\n<div class=\"product-description cms-description\">\n<p>A gama de unidades classicool \u00e9 uma solu\u00e7\u00e3o ecol\u00f3gica ideal para aplica\u00e7\u00f5es residenciais ou comerciais de pequena dimens\u00e3o.<\/p>\n<p>Apresenta dimens\u00f5es compactas, baixa altura e f\u00e1cil acesso a todos os seus componentes. \u00c9 f\u00e1cil de integrar em tectos falsos, poupando nos custos de instala\u00e7\u00e3o e manuten\u00e7\u00e3o.<\/p>\n<p>e acessibilidade a todos os seus componentes. Dispon\u00edvel em 5 tamanhos: 18-24-36-48-60, abrangendo pot\u00eancias de 5 a 16 kW.<\/p>\n<\/div>\n<\/div>\n<\/div>\n<\/div>\n<\/div>\n<\/div>\n<\/div>\n<\/div>\n<\/div>\n<\/div>","protected":false},"excerpt":{"rendered":"<div id=\"product-description-short-194\" class=\"tvproduct-page-decs\">\n<div id=\"product-description-short-1\" class=\"tvproduct-page-decs\">\n<div id=\"product-description-short-91\" class=\"tvproduct-page-decs\">\n<div class=\"tvproduct-page-wrapper\">\n<div class=\"tabs tvproduct-description-tab clearfix\">\n<div id=\"tab-content\" class=\"tab-content clearfix\">\n<div id=\"description\" class=\"tab-pane fade js-product-tab-active active in\" role=\"tabpanel\" aria-expanded=\"true\">\n<div class=\"product-description cms-description\">\n<div id=\"product-description-short-333\" class=\"tvproduct-page-decs\">\n<div id=\"product-description-short-12\" class=\"tvproduct-page-decs\">\n<div id=\"product-description-short-18\" class=\"tvproduct-page-decs\">\n<p>Condutas CLASSICOOL 42QSS-N | 38QUS-N<\/p>\n<\/div>\n<\/div>\n<\/div>\n<\/div>\n<\/div>\n<\/div>\n<\/div>\n<\/div>\n<\/div>\n<\/div>\n<\/div>","protected":false},"featured_media":83,"template":"","meta":{"_joinchat":[]},"product_brand":[],"product_cat":[16,26,19],"product_tag":[],"class_list":{"0":"post-88","1":"product","2":"type-product","3":"status-publish","4":"has-post-thumbnail","6":"product_cat-climatisation","7":"product_cat-gainable","8":"product_cat-mono-split","9":"yith_product_brand-carrier","11":"first","12":"instock","13":"shipping-taxable","14":"purchasable","15":"product-type-simple"},"yoast_head":"<!-- This site is optimized with the Yoast SEO plugin v26.4 - https:\/\/yoast.com\/wordpress\/plugins\/seo\/ -->\n<title>Carrier gainable OnOff 18K BTU Mohammedia Benslimane Bouznika Maroc<\/title>\n<meta name=\"description\" content=\"Carrier gainable OnOff 18K BTU a Mohammedia Benslimane Bouznika Maroc\" \/>\n<meta name=\"robots\" content=\"index, follow, max-snippet:-1, max-image-preview:large, max-video-preview:-1\" \/>\n<link rel=\"canonical\" href=\"https:\/\/globalenergie.ma\/pt\/produto\/carrier-gainable-onoff-18k-btu\/\" \/>\n<meta property=\"og:locale\" content=\"pt_PT\" \/>\n<meta property=\"og:type\" content=\"article\" \/>\n<meta property=\"og:title\" content=\"Carrier gainable OnOff 18K BTU Mohammedia Benslimane Bouznika Maroc\" \/>\n<meta property=\"og:description\" content=\"Carrier gainable OnOff 18K BTU a Mohammedia Benslimane Bouznika Maroc\" \/>\n<meta property=\"og:url\" content=\"https:\/\/globalenergie.ma\/pt\/produto\/carrier-gainable-onoff-18k-btu\/\" \/>\n<meta property=\"og:site_name\" content=\"Globale Energie\" \/>\n<meta property=\"article:modified_time\" content=\"2025-09-09T18:25:40+00:00\" \/>\n<meta property=\"og:image\" content=\"https:\/\/globalenergie.ma\/wp-content\/uploads\/2025\/09\/carrier-gainable-inverter-18k-btu.webp\" \/>\n\t<meta property=\"og:image:width\" content=\"1000\" \/>\n\t<meta property=\"og:image:height\" content=\"1000\" \/>\n\t<meta property=\"og:image:type\" content=\"image\/webp\" \/>\n<meta name=\"twitter:card\" content=\"summary_large_image\" \/>\n<script type=\"application\/ld+json\" class=\"yoast-schema-graph\">{\"@context\":\"https:\/\/schema.org\",\"@graph\":[{\"@type\":\"WebPage\",\"@id\":\"https:\/\/globalenergie.ma\/produit\/carrier-gainable-onoff-18k-btu\/\",\"url\":\"https:\/\/globalenergie.ma\/produit\/carrier-gainable-onoff-18k-btu\/\",\"name\":\"Carrier gainable OnOff 18K BTU Mohammedia Benslimane Bouznika Maroc\",\"isPartOf\":{\"@id\":\"https:\/\/globalenergie.ma\/#website\"},\"primaryImageOfPage\":{\"@id\":\"https:\/\/globalenergie.ma\/produit\/carrier-gainable-onoff-18k-btu\/#primaryimage\"},\"image\":{\"@id\":\"https:\/\/globalenergie.ma\/produit\/carrier-gainable-onoff-18k-btu\/#primaryimage\"},\"thumbnailUrl\":\"https:\/\/globalenergie.ma\/wp-content\/uploads\/2025\/09\/carrier-gainable-inverter-18k-btu.webp\",\"datePublished\":\"2025-09-05T09:50:10+00:00\",\"dateModified\":\"2025-09-09T18:25:40+00:00\",\"description\":\"Carrier gainable OnOff 18K BTU a Mohammedia Benslimane Bouznika Maroc\",\"breadcrumb\":{\"@id\":\"https:\/\/globalenergie.ma\/produit\/carrier-gainable-onoff-18k-btu\/#breadcrumb\"},\"inLanguage\":\"pt-PT\",\"potentialAction\":[{\"@type\":\"ReadAction\",\"target\":[\"https:\/\/globalenergie.ma\/produit\/carrier-gainable-onoff-18k-btu\/\"]}]},{\"@type\":\"ImageObject\",\"inLanguage\":\"pt-PT\",\"@id\":\"https:\/\/globalenergie.ma\/produit\/carrier-gainable-onoff-18k-btu\/#primaryimage\",\"url\":\"https:\/\/globalenergie.ma\/wp-content\/uploads\/2025\/09\/carrier-gainable-inverter-18k-btu.webp\",\"contentUrl\":\"https:\/\/globalenergie.ma\/wp-content\/uploads\/2025\/09\/carrier-gainable-inverter-18k-btu.webp\",\"width\":1000,\"height\":1000},{\"@type\":\"BreadcrumbList\",\"@id\":\"https:\/\/globalenergie.ma\/produit\/carrier-gainable-onoff-18k-btu\/#breadcrumb\",\"itemListElement\":[{\"@type\":\"ListItem\",\"position\":1,\"name\":\"Accueil\",\"item\":\"https:\/\/globalenergie.ma\/\"},{\"@type\":\"ListItem\",\"position\":2,\"name\":\"Catalogue\",\"item\":\"https:\/\/globalenergie.ma\/catalogue\/\"},{\"@type\":\"ListItem\",\"position\":3,\"name\":\"Carrier gainable OnO\u2026\"}]},{\"@type\":\"WebSite\",\"@id\":\"https:\/\/globalenergie.ma\/#website\",\"url\":\"https:\/\/globalenergie.ma\/\",\"name\":\"Globale Energie\",\"description\":\"\",\"publisher\":{\"@id\":\"https:\/\/globalenergie.ma\/#organization\"},\"potentialAction\":[{\"@type\":\"SearchAction\",\"target\":{\"@type\":\"EntryPoint\",\"urlTemplate\":\"https:\/\/globalenergie.ma\/?s={search_term_string}\"},\"query-input\":{\"@type\":\"PropertyValueSpecification\",\"valueRequired\":true,\"valueName\":\"search_term_string\"}}],\"inLanguage\":\"pt-PT\"},{\"@type\":\"Organization\",\"@id\":\"https:\/\/globalenergie.ma\/#organization\",\"name\":\"Globale Energie\",\"url\":\"https:\/\/globalenergie.ma\/\",\"logo\":{\"@type\":\"ImageObject\",\"inLanguage\":\"pt-PT\",\"@id\":\"https:\/\/globalenergie.ma\/#\/schema\/logo\/image\/\",\"url\":\"https:\/\/globalenergie.ma\/wp-content\/uploads\/2025\/08\/PDF-2.png\",\"contentUrl\":\"https:\/\/globalenergie.ma\/wp-content\/uploads\/2025\/08\/PDF-2.png\",\"width\":1600,\"height\":407,\"caption\":\"Globale Energie\"},\"image\":{\"@id\":\"https:\/\/globalenergie.ma\/#\/schema\/logo\/image\/\"}}]}<\/script>\n<!-- \/ Yoast SEO plugin. -->","yoast_head_json":{"title":"Carrier gainable OnOff 18K BTU Mohammedia Benslimane Bouznika Maroc","description":"Carrier gainable OnOff 18K BTU a Mohammedia Benslimane Bouznika Maroc","robots":{"index":"index","follow":"follow","max-snippet":"max-snippet:-1","max-image-preview":"max-image-preview:large","max-video-preview":"max-video-preview:-1"},"canonical":"https:\/\/globalenergie.ma\/pt\/produto\/carrier-gainable-onoff-18k-btu\/","og_locale":"pt_PT","og_type":"article","og_title":"Carrier gainable OnOff 18K BTU Mohammedia Benslimane Bouznika Maroc","og_description":"Carrier gainable OnOff 18K BTU a Mohammedia Benslimane Bouznika Maroc","og_url":"https:\/\/globalenergie.ma\/pt\/produto\/carrier-gainable-onoff-18k-btu\/","og_site_name":"Globale Energie","article_modified_time":"2025-09-09T18:25:40+00:00","og_image":[{"width":1000,"height":1000,"url":"https:\/\/globalenergie.ma\/wp-content\/uploads\/2025\/09\/carrier-gainable-inverter-18k-btu.webp","type":"image\/webp"}],"twitter_card":"summary_large_image","schema":{"@context":"https:\/\/schema.org","@graph":[{"@type":"WebPage","@id":"https:\/\/globalenergie.ma\/produit\/carrier-gainable-onoff-18k-btu\/","url":"https:\/\/globalenergie.ma\/produit\/carrier-gainable-onoff-18k-btu\/","name":"Carrier gainable OnOff 18K BTU Mohammedia Benslimane Bouznika Maroc","isPartOf":{"@id":"https:\/\/globalenergie.ma\/#website"},"primaryImageOfPage":{"@id":"https:\/\/globalenergie.ma\/produit\/carrier-gainable-onoff-18k-btu\/#primaryimage"},"image":{"@id":"https:\/\/globalenergie.ma\/produit\/carrier-gainable-onoff-18k-btu\/#primaryimage"},"thumbnailUrl":"https:\/\/globalenergie.ma\/wp-content\/uploads\/2025\/09\/carrier-gainable-inverter-18k-btu.webp","datePublished":"2025-09-05T09:50:10+00:00","dateModified":"2025-09-09T18:25:40+00:00","description":"Carrier gainable OnOff 18K BTU a Mohammedia Benslimane Bouznika Maroc","breadcrumb":{"@id":"https:\/\/globalenergie.ma\/produit\/carrier-gainable-onoff-18k-btu\/#breadcrumb"},"inLanguage":"pt-PT","potentialAction":[{"@type":"ReadAction","target":["https:\/\/globalenergie.ma\/produit\/carrier-gainable-onoff-18k-btu\/"]}]},{"@type":"ImageObject","inLanguage":"pt-PT","@id":"https:\/\/globalenergie.ma\/produit\/carrier-gainable-onoff-18k-btu\/#primaryimage","url":"https:\/\/globalenergie.ma\/wp-content\/uploads\/2025\/09\/carrier-gainable-inverter-18k-btu.webp","contentUrl":"https:\/\/globalenergie.ma\/wp-content\/uploads\/2025\/09\/carrier-gainable-inverter-18k-btu.webp","width":1000,"height":1000},{"@type":"BreadcrumbList","@id":"https:\/\/globalenergie.ma\/produit\/carrier-gainable-onoff-18k-btu\/#breadcrumb","itemListElement":[{"@type":"ListItem","position":1,"name":"Accueil","item":"https:\/\/globalenergie.ma\/"},{"@type":"ListItem","position":2,"name":"Catalogue","item":"https:\/\/globalenergie.ma\/catalogue\/"},{"@type":"ListItem","position":3,"name":"Carrier gainable OnO\u2026"}]},{"@type":"WebSite","@id":"https:\/\/globalenergie.ma\/#website","url":"https:\/\/globalenergie.ma\/","name":"Energia global","description":"","publisher":{"@id":"https:\/\/globalenergie.ma\/#organization"},"potentialAction":[{"@type":"SearchAction","target":{"@type":"EntryPoint","urlTemplate":"https:\/\/globalenergie.ma\/?s={search_term_string}"},"query-input":{"@type":"PropertyValueSpecification","valueRequired":true,"valueName":"search_term_string"}}],"inLanguage":"pt-PT"},{"@type":"Organization","@id":"https:\/\/globalenergie.ma\/#organization","name":"Energia global","url":"https:\/\/globalenergie.ma\/","logo":{"@type":"ImageObject","inLanguage":"pt-PT","@id":"https:\/\/globalenergie.ma\/#\/schema\/logo\/image\/","url":"https:\/\/globalenergie.ma\/wp-content\/uploads\/2025\/08\/PDF-2.png","contentUrl":"https:\/\/globalenergie.ma\/wp-content\/uploads\/2025\/08\/PDF-2.png","width":1600,"height":407,"caption":"Globale Energie"},"image":{"@id":"https:\/\/globalenergie.ma\/#\/schema\/logo\/image\/"}}]}},"_links":{"self":[{"href":"https:\/\/globalenergie.ma\/pt\/wp-json\/wp\/v2\/product\/88","targetHints":{"allow":["GET"]}}],"collection":[{"href":"https:\/\/globalenergie.ma\/pt\/wp-json\/wp\/v2\/product"}],"about":[{"href":"https:\/\/globalenergie.ma\/pt\/wp-json\/wp\/v2\/types\/product"}],"wp:featuredmedia":[{"embeddable":true,"href":"https:\/\/globalenergie.ma\/pt\/wp-json\/wp\/v2\/media\/83"}],"wp:attachment":[{"href":"https:\/\/globalenergie.ma\/pt\/wp-json\/wp\/v2\/media?parent=88"}],"wp:term":[{"taxonomy":"product_brand","embeddable":true,"href":"https:\/\/globalenergie.ma\/pt\/wp-json\/wp\/v2\/product_brand?post=88"},{"taxonomy":"product_cat","embeddable":true,"href":"https:\/\/globalenergie.ma\/pt\/wp-json\/wp\/v2\/product_cat?post=88"},{"taxonomy":"product_tag","embeddable":true,"href":"https:\/\/globalenergie.ma\/pt\/wp-json\/wp\/v2\/product_tag?post=88"}],"curies":[{"name":"wp","href":"https:\/\/api.w.org\/{rel}","templated":true}]}}