{"id":150,"date":"2025-09-05T11:52:22","date_gmt":"2025-09-05T11:52:22","guid":{"rendered":"https:\/\/globalenergie.ma\/?post_type=product&#038;p=150"},"modified":"2025-11-23T16:32:15","modified_gmt":"2025-11-23T16:32:15","slug":"ingelec-cassete-18k-on-off","status":"publish","type":"product","link":"https:\/\/globalenergie.ma\/pt\/produto\/ingelec-cassete-18k-on-off\/","title":{"rendered":"Cassete Ingelec 18K..."},"content":{"rendered":"<p class=\"h6\"><strong>Dados t\u00e9cnicos<\/strong><\/p>\n<dl class=\"data-sheet\"><\/dl>\n<p>&nbsp;<\/p>\n<table style=\"width: 100%; border-collapse: collapse; font-family: Arial, sans-serif; font-size: 14px;\">\n<tbody>\n<tr style=\"background: #f7f7f7;\">\n<th style=\"text-align: left; padding: 10px; width: 40%;\">Mono Split<\/th>\n<td style=\"padding: 10px;\">Cassete<\/td>\n<\/tr>\n<tr>\n<th style=\"text-align: left; padding: 10px;\">Modo<\/th>\n<td style=\"padding: 10px;\">Ligado Desligado<\/td>\n<\/tr>\n<tr style=\"background: #f7f7f7;\">\n<th style=\"text-align: left; padding: 10px;\">Pot\u00eancia<\/th>\n<td style=\"padding: 10px;\">18K<\/td>\n<\/tr>\n<\/tbody>\n<\/table>\n<div class=\"tvproduct-page-wrapper\">\n<div class=\"tabs tvproduct-description-tab clearfix\">\n<div id=\"tab-content\" class=\"tab-content clearfix\">\n<div id=\"description\" class=\"tab-pane fade in active\" role=\"tabpanel\">\n<div class=\"product-description cms-description\">\n<div><\/div>\n<div id=\"product-description-short-106\" class=\"tvproduct-page-decs\">\n<div class=\"tvproduct-page-wrapper\">\n<div class=\"tabs tvproduct-description-tab clearfix\">\n<div id=\"tab-content\" class=\"tab-content clearfix\">\n<div id=\"description\" class=\"tab-pane fade in active\" role=\"tabpanel\">\n<div class=\"product-description cms-description\">\n<p>O aparelho de ar condicionado de cassete ON\/OFF da Ingelec proporciona uma climatiza\u00e7\u00e3o simples e fi\u00e1vel para os seus espa\u00e7os comerciais e de escrit\u00f3rio. Com a sua tecnologia b\u00e1sica ON\/OFF, este modelo oferece uma solu\u00e7\u00e3o descomplicada para o controlo manual da temperatura.<\/p>\n<\/div>\n<\/div>\n<\/div>\n<\/div>\n<\/div>\n<\/div>\n<\/div>\n<\/div>\n<\/div>\n<\/div>\n<\/div>","protected":false},"excerpt":{"rendered":"<div id=\"product-description-short-194\" class=\"tvproduct-page-decs\">\n<div id=\"product-description-short-1\" class=\"tvproduct-page-decs\">\n<div id=\"product-description-short-91\" class=\"tvproduct-page-decs\">\n<div class=\"tvproduct-page-wrapper\">\n<div class=\"tabs tvproduct-description-tab clearfix\">\n<div id=\"tab-content\" class=\"tab-content clearfix\">\n<div id=\"description\" class=\"tab-pane fade js-product-tab-active active in\" role=\"tabpanel\" aria-expanded=\"true\">\n<div class=\"product-description cms-description\">\n<div id=\"product-description-short-333\" class=\"tvproduct-page-decs\">\n<div id=\"product-description-short-12\" class=\"tvproduct-page-decs\">\n<div id=\"product-description-short-135\" class=\"tvproduct-page-decs\">\n<div id=\"product-description-short-106\" class=\"tvproduct-page-decs\">\n<div id=\"product-description-short-342\" class=\"tvproduct-page-decs\">\n<p>Cassete Ingelec 18K On\/Off<\/p>\n<\/div>\n<\/div>\n<\/div>\n<\/div>\n<\/div>\n<\/div>\n<\/div>\n<\/div>\n<\/div>\n<\/div>\n<\/div>\n<\/div>\n<\/div>","protected":false},"featured_media":524,"template":"","meta":{"_joinchat":[]},"product_brand":[],"product_cat":[27,16,19],"product_tag":[],"class_list":{"0":"post-150","1":"product","2":"type-product","3":"status-publish","4":"has-post-thumbnail","6":"product_cat-cassette","7":"product_cat-climatisation","8":"product_cat-mono-split","9":"yith_product_brand-ingelec","11":"first","12":"instock","13":"shipping-taxable","14":"purchasable","15":"product-type-simple"},"yoast_head":"<!-- This site is optimized with the Yoast SEO plugin v26.4 - https:\/\/yoast.com\/wordpress\/plugins\/seo\/ -->\n<title>Ingelec Cassette 18K On\/Off Mohammedia Benslimane Bouznika Maroc<\/title>\n<meta name=\"description\" content=\"Ingelec Cassette 18K On\/Off a Mohammedia Benslimane Bouznika Maroc\" \/>\n<meta name=\"robots\" content=\"index, follow, max-snippet:-1, max-image-preview:large, max-video-preview:-1\" \/>\n<link rel=\"canonical\" href=\"https:\/\/globalenergie.ma\/pt\/produto\/ingelec-cassete-18k-on-off\/\" \/>\n<meta property=\"og:locale\" content=\"pt_PT\" \/>\n<meta property=\"og:type\" content=\"article\" \/>\n<meta property=\"og:title\" content=\"Ingelec Cassette 18K On\/Off Mohammedia Benslimane Bouznika Maroc\" \/>\n<meta property=\"og:description\" content=\"Ingelec Cassette 18K On\/Off a Mohammedia Benslimane Bouznika Maroc\" \/>\n<meta property=\"og:url\" content=\"https:\/\/globalenergie.ma\/pt\/produto\/ingelec-cassete-18k-on-off\/\" \/>\n<meta property=\"og:site_name\" content=\"Globale Energie\" \/>\n<meta property=\"article:modified_time\" content=\"2025-11-23T16:32:15+00:00\" \/>\n<meta property=\"og:image\" content=\"https:\/\/globalenergie.ma\/wp-content\/uploads\/2025\/09\/Cassette-inverter-.jpg\" \/>\n\t<meta property=\"og:image:width\" content=\"600\" \/>\n\t<meta property=\"og:image:height\" content=\"600\" \/>\n\t<meta property=\"og:image:type\" content=\"image\/jpeg\" \/>\n<meta name=\"twitter:card\" content=\"summary_large_image\" \/>\n<script type=\"application\/ld+json\" class=\"yoast-schema-graph\">{\"@context\":\"https:\/\/schema.org\",\"@graph\":[{\"@type\":\"WebPage\",\"@id\":\"https:\/\/globalenergie.ma\/produit\/ingelec-cassette-18k-on-off\/\",\"url\":\"https:\/\/globalenergie.ma\/produit\/ingelec-cassette-18k-on-off\/\",\"name\":\"Ingelec Cassette 18K On\/Off Mohammedia Benslimane Bouznika Maroc\",\"isPartOf\":{\"@id\":\"https:\/\/globalenergie.ma\/#website\"},\"primaryImageOfPage\":{\"@id\":\"https:\/\/globalenergie.ma\/produit\/ingelec-cassette-18k-on-off\/#primaryimage\"},\"image\":{\"@id\":\"https:\/\/globalenergie.ma\/produit\/ingelec-cassette-18k-on-off\/#primaryimage\"},\"thumbnailUrl\":\"https:\/\/globalenergie.ma\/wp-content\/uploads\/2025\/09\/Cassette-inverter-.jpg\",\"datePublished\":\"2025-09-05T11:52:22+00:00\",\"dateModified\":\"2025-11-23T16:32:15+00:00\",\"description\":\"Ingelec Cassette 18K On\/Off a Mohammedia Benslimane Bouznika Maroc\",\"breadcrumb\":{\"@id\":\"https:\/\/globalenergie.ma\/produit\/ingelec-cassette-18k-on-off\/#breadcrumb\"},\"inLanguage\":\"pt-PT\",\"potentialAction\":[{\"@type\":\"ReadAction\",\"target\":[\"https:\/\/globalenergie.ma\/produit\/ingelec-cassette-18k-on-off\/\"]}]},{\"@type\":\"ImageObject\",\"inLanguage\":\"pt-PT\",\"@id\":\"https:\/\/globalenergie.ma\/produit\/ingelec-cassette-18k-on-off\/#primaryimage\",\"url\":\"https:\/\/globalenergie.ma\/wp-content\/uploads\/2025\/09\/Cassette-inverter-.jpg\",\"contentUrl\":\"https:\/\/globalenergie.ma\/wp-content\/uploads\/2025\/09\/Cassette-inverter-.jpg\",\"width\":600,\"height\":600},{\"@type\":\"BreadcrumbList\",\"@id\":\"https:\/\/globalenergie.ma\/produit\/ingelec-cassette-18k-on-off\/#breadcrumb\",\"itemListElement\":[{\"@type\":\"ListItem\",\"position\":1,\"name\":\"Accueil\",\"item\":\"https:\/\/globalenergie.ma\/\"},{\"@type\":\"ListItem\",\"position\":2,\"name\":\"Catalogue\",\"item\":\"https:\/\/globalenergie.ma\/catalogue\/\"},{\"@type\":\"ListItem\",\"position\":3,\"name\":\"Ingelec Cassette 18K\u2026\"}]},{\"@type\":\"WebSite\",\"@id\":\"https:\/\/globalenergie.ma\/#website\",\"url\":\"https:\/\/globalenergie.ma\/\",\"name\":\"Globale Energie\",\"description\":\"\",\"publisher\":{\"@id\":\"https:\/\/globalenergie.ma\/#organization\"},\"potentialAction\":[{\"@type\":\"SearchAction\",\"target\":{\"@type\":\"EntryPoint\",\"urlTemplate\":\"https:\/\/globalenergie.ma\/?s={search_term_string}\"},\"query-input\":{\"@type\":\"PropertyValueSpecification\",\"valueRequired\":true,\"valueName\":\"search_term_string\"}}],\"inLanguage\":\"pt-PT\"},{\"@type\":\"Organization\",\"@id\":\"https:\/\/globalenergie.ma\/#organization\",\"name\":\"Globale Energie\",\"url\":\"https:\/\/globalenergie.ma\/\",\"logo\":{\"@type\":\"ImageObject\",\"inLanguage\":\"pt-PT\",\"@id\":\"https:\/\/globalenergie.ma\/#\/schema\/logo\/image\/\",\"url\":\"https:\/\/globalenergie.ma\/wp-content\/uploads\/2025\/08\/PDF-2.png\",\"contentUrl\":\"https:\/\/globalenergie.ma\/wp-content\/uploads\/2025\/08\/PDF-2.png\",\"width\":1600,\"height\":407,\"caption\":\"Globale Energie\"},\"image\":{\"@id\":\"https:\/\/globalenergie.ma\/#\/schema\/logo\/image\/\"}}]}<\/script>\n<!-- \/ Yoast SEO plugin. -->","yoast_head_json":{"title":"Ingelec Cassete 18K On\/Off Mohammedia Benslimane Bouznika Marrocos","description":"Ingelec Cassete 18K On\/Off em Mohammedia Benslimane Bouznika Marrocos","robots":{"index":"index","follow":"follow","max-snippet":"max-snippet:-1","max-image-preview":"max-image-preview:large","max-video-preview":"max-video-preview:-1"},"canonical":"https:\/\/globalenergie.ma\/pt\/produto\/ingelec-cassete-18k-on-off\/","og_locale":"pt_PT","og_type":"article","og_title":"Ingelec Cassette 18K On\/Off Mohammedia Benslimane Bouznika Maroc","og_description":"Ingelec Cassette 18K On\/Off a Mohammedia Benslimane Bouznika Maroc","og_url":"https:\/\/globalenergie.ma\/pt\/produto\/ingelec-cassete-18k-on-off\/","og_site_name":"Globale Energie","article_modified_time":"2025-11-23T16:32:15+00:00","og_image":[{"width":600,"height":600,"url":"https:\/\/globalenergie.ma\/wp-content\/uploads\/2025\/09\/Cassette-inverter-.jpg","type":"image\/jpeg"}],"twitter_card":"summary_large_image","schema":{"@context":"https:\/\/schema.org","@graph":[{"@type":"WebPage","@id":"https:\/\/globalenergie.ma\/produit\/ingelec-cassette-18k-on-off\/","url":"https:\/\/globalenergie.ma\/produit\/ingelec-cassette-18k-on-off\/","name":"Ingelec Cassete 18K On\/Off Mohammedia Benslimane Bouznika Marrocos","isPartOf":{"@id":"https:\/\/globalenergie.ma\/#website"},"primaryImageOfPage":{"@id":"https:\/\/globalenergie.ma\/produit\/ingelec-cassette-18k-on-off\/#primaryimage"},"image":{"@id":"https:\/\/globalenergie.ma\/produit\/ingelec-cassette-18k-on-off\/#primaryimage"},"thumbnailUrl":"https:\/\/globalenergie.ma\/wp-content\/uploads\/2025\/09\/Cassette-inverter-.jpg","datePublished":"2025-09-05T11:52:22+00:00","dateModified":"2025-11-23T16:32:15+00:00","description":"Ingelec Cassete 18K On\/Off em Mohammedia Benslimane Bouznika Marrocos","breadcrumb":{"@id":"https:\/\/globalenergie.ma\/produit\/ingelec-cassette-18k-on-off\/#breadcrumb"},"inLanguage":"pt-PT","potentialAction":[{"@type":"ReadAction","target":["https:\/\/globalenergie.ma\/produit\/ingelec-cassette-18k-on-off\/"]}]},{"@type":"ImageObject","inLanguage":"pt-PT","@id":"https:\/\/globalenergie.ma\/produit\/ingelec-cassette-18k-on-off\/#primaryimage","url":"https:\/\/globalenergie.ma\/wp-content\/uploads\/2025\/09\/Cassette-inverter-.jpg","contentUrl":"https:\/\/globalenergie.ma\/wp-content\/uploads\/2025\/09\/Cassette-inverter-.jpg","width":600,"height":600},{"@type":"BreadcrumbList","@id":"https:\/\/globalenergie.ma\/produit\/ingelec-cassette-18k-on-off\/#breadcrumb","itemListElement":[{"@type":"ListItem","position":1,"name":"Accueil","item":"https:\/\/globalenergie.ma\/"},{"@type":"ListItem","position":2,"name":"Catalogue","item":"https:\/\/globalenergie.ma\/catalogue\/"},{"@type":"ListItem","position":3,"name":"Ingelec Cassette 18K\u2026"}]},{"@type":"WebSite","@id":"https:\/\/globalenergie.ma\/#website","url":"https:\/\/globalenergie.ma\/","name":"Energia global","description":"","publisher":{"@id":"https:\/\/globalenergie.ma\/#organization"},"potentialAction":[{"@type":"SearchAction","target":{"@type":"EntryPoint","urlTemplate":"https:\/\/globalenergie.ma\/?s={search_term_string}"},"query-input":{"@type":"PropertyValueSpecification","valueRequired":true,"valueName":"search_term_string"}}],"inLanguage":"pt-PT"},{"@type":"Organization","@id":"https:\/\/globalenergie.ma\/#organization","name":"Energia global","url":"https:\/\/globalenergie.ma\/","logo":{"@type":"ImageObject","inLanguage":"pt-PT","@id":"https:\/\/globalenergie.ma\/#\/schema\/logo\/image\/","url":"https:\/\/globalenergie.ma\/wp-content\/uploads\/2025\/08\/PDF-2.png","contentUrl":"https:\/\/globalenergie.ma\/wp-content\/uploads\/2025\/08\/PDF-2.png","width":1600,"height":407,"caption":"Globale Energie"},"image":{"@id":"https:\/\/globalenergie.ma\/#\/schema\/logo\/image\/"}}]}},"_links":{"self":[{"href":"https:\/\/globalenergie.ma\/pt\/wp-json\/wp\/v2\/product\/150","targetHints":{"allow":["GET"]}}],"collection":[{"href":"https:\/\/globalenergie.ma\/pt\/wp-json\/wp\/v2\/product"}],"about":[{"href":"https:\/\/globalenergie.ma\/pt\/wp-json\/wp\/v2\/types\/product"}],"wp:featuredmedia":[{"embeddable":true,"href":"https:\/\/globalenergie.ma\/pt\/wp-json\/wp\/v2\/media\/524"}],"wp:attachment":[{"href":"https:\/\/globalenergie.ma\/pt\/wp-json\/wp\/v2\/media?parent=150"}],"wp:term":[{"taxonomy":"product_brand","embeddable":true,"href":"https:\/\/globalenergie.ma\/pt\/wp-json\/wp\/v2\/product_brand?post=150"},{"taxonomy":"product_cat","embeddable":true,"href":"https:\/\/globalenergie.ma\/pt\/wp-json\/wp\/v2\/product_cat?post=150"},{"taxonomy":"product_tag","embeddable":true,"href":"https:\/\/globalenergie.ma\/pt\/wp-json\/wp\/v2\/product_tag?post=150"}],"curies":[{"name":"wp","href":"https:\/\/api.w.org\/{rel}","templated":true}]}}